{"id":276,"date":"2025-05-02T00:29:12","date_gmt":"2025-05-01T22:29:12","guid":{"rendered":"https:\/\/propartner.eu\/index.php\/about\/"},"modified":"2025-05-02T16:30:37","modified_gmt":"2025-05-02T14:30:37","slug":"o-nas","status":"publish","type":"page","link":"https:\/\/propartner.eu\/en\/o-nas\/","title":{"rendered":"About us"},"content":{"rendered":"<div data-elementor-type=\"wp-page\" data-elementor-id=\"276\" class=\"elementor elementor-276\">\n\t\t\t\t<div class=\"elementor-element elementor-element-8c1ca90 e-flex e-con-boxed e-con e-parent\" data-id=\"8c1ca90\" data-element_type=\"container\" data-settings=\"{&quot;background_background&quot;:&quot;classic&quot;}\">\n\t\t\t\t\t<div class=\"e-con-inner\">\n\t\t\t\t<div class=\"elementor-element elementor-element-0353a11 elementor-widget elementor-widget-heading\" data-id=\"0353a11\" data-element_type=\"widget\" data-widget_type=\"heading.default\">\n\t\t\t\t<div class=\"elementor-widget-container\">\n\t\t\t\t\t<h1 class=\"elementor-heading-title elementor-size-default\">About Us<\/h1>\t\t\t\t<\/div>\n\t\t\t\t<\/div>\n\t\t\t\t\t<\/div>\n\t\t\t\t<\/div>\n\t\t<div class=\"elementor-element elementor-element-91d5e9c e-flex e-con-boxed e-con e-parent\" data-id=\"91d5e9c\" data-element_type=\"container\" data-settings=\"{&quot;background_background&quot;:&quot;classic&quot;}\">\n\t\t\t\t\t<div class=\"e-con-inner\">\n\t\t\t\t<div class=\"elementor-element elementor-element-062431a elementor-widget elementor-widget-heading\" data-id=\"062431a\" data-element_type=\"widget\" data-widget_type=\"heading.default\">\n\t\t\t\t<div class=\"elementor-widget-container\">\n\t\t\t\t\t<h2 class=\"elementor-heading-title elementor-size-default\">The history of Propartner company since 2001<\/h2>\t\t\t\t<\/div>\n\t\t\t\t<\/div>\n\t\t<div class=\"elementor-element elementor-element-fbcb8e0 e-con-full e-flex e-con e-child\" data-id=\"fbcb8e0\" data-element_type=\"container\">\n\t\t<div class=\"elementor-element elementor-element-55721ca e-con-full e-flex e-con e-child\" data-id=\"55721ca\" data-element_type=\"container\">\n\t\t\t\t<div class=\"elementor-element elementor-element-8e08ae4 elementor-widget elementor-widget-image\" data-id=\"8e08ae4\" data-element_type=\"widget\" data-widget_type=\"image.default\">\n\t\t\t\t<div class=\"elementor-widget-container\">\n\t\t\t\t\t\t\t\t\t\t\t\t\t\t\t<img fetchpriority=\"high\" decoding=\"async\" width=\"2272\" height=\"1704\" src=\"https:\/\/propartner.eu\/wp-content\/uploads\/2025\/05\/hai-nguyen-LSZfNPVZjTw-unsplash-1-1.jpg\" class=\"attachment-full size-full wp-image-521\" alt=\"aturalne ziemniaki w jako\u015bci handlowej \u2013 warzywa dost\u0119pne w Propartner\" srcset=\"https:\/\/propartner.eu\/wp-content\/uploads\/2025\/05\/hai-nguyen-LSZfNPVZjTw-unsplash-1-1.jpg 2272w, https:\/\/propartner.eu\/wp-content\/uploads\/2025\/05\/hai-nguyen-LSZfNPVZjTw-unsplash-1-1-300x225.jpg 300w, https:\/\/propartner.eu\/wp-content\/uploads\/2025\/05\/hai-nguyen-LSZfNPVZjTw-unsplash-1-1-1024x768.jpg 1024w, https:\/\/propartner.eu\/wp-content\/uploads\/2025\/05\/hai-nguyen-LSZfNPVZjTw-unsplash-1-1-768x576.jpg 768w, https:\/\/propartner.eu\/wp-content\/uploads\/2025\/05\/hai-nguyen-LSZfNPVZjTw-unsplash-1-1-1536x1152.jpg 1536w, https:\/\/propartner.eu\/wp-content\/uploads\/2025\/05\/hai-nguyen-LSZfNPVZjTw-unsplash-1-1-2048x1536.jpg 2048w\" sizes=\"(max-width: 2272px) 100vw, 2272px\" \/>\t\t\t\t\t\t\t\t\t\t\t\t\t\t\t<\/div>\n\t\t\t\t<\/div>\n\t\t\t\t<\/div>\n\t\t<div class=\"elementor-element elementor-element-df9b9a0 e-con-full e-flex e-con e-child\" data-id=\"df9b9a0\" data-element_type=\"container\">\n\t\t\t\t<div class=\"elementor-element elementor-element-39d35a4 elementor-widget elementor-widget-image-box\" data-id=\"39d35a4\" data-element_type=\"widget\" data-widget_type=\"image-box.default\">\n\t\t\t\t<div class=\"elementor-widget-container\">\n\t\t\t\t\t<div class=\"elementor-image-box-wrapper\"><div class=\"elementor-image-box-content\"><h3 class=\"elementor-image-box-title\">Propartner is a leading company specializing in sourcing fresh vegetables and fruits, including potatoes and onions, for delivery to major distributors and wholesalers across the country and throughout Europe. We prioritize the quality and variety of every product we supply.<\/h3><p class=\"elementor-image-box-description\">The company was founded in 2001 out of a passion for fresh produce and a desire to support local growers in Poland. From the very beginning, Propartner has been actively involved in international trade, delivering quality vegetables like potatoes and onions across Europe.<\/p><\/div><\/div>\t\t\t\t<\/div>\n\t\t\t\t<\/div>\n\t\t\t\t<div class=\"elementor-element elementor-element-dbb3f26 elementor-widget elementor-widget-heading\" data-id=\"dbb3f26\" data-element_type=\"widget\" data-widget_type=\"heading.default\">\n\t\t\t\t<div class=\"elementor-widget-container\">\n\t\t\t\t\t<p class=\"elementor-heading-title elementor-size-default\"><span style=\"font-weight: normal;\">Our clients include distributors and wholesale markets across Europe. Propartner works closely with suppliers and buyers from Poland, Germany, Romania, Lithuania, Latvia, France, the Netherlands, Greece, and Italy, delivering fresh produce such as potatoes and onions with reliability and care.<\/span><span style=\"font-weight: normal;\">\n<\/span>\n<\/p>\t\t\t\t<\/div>\n\t\t\t\t<\/div>\n\t\t\t\t<\/div>\n\t\t\t\t<\/div>\n\t\t\t\t\t<\/div>\n\t\t\t\t<\/div>\n\t\t<div class=\"elementor-element elementor-element-e289fec e-flex e-con-boxed e-con e-parent\" data-id=\"e289fec\" data-element_type=\"container\" data-settings=\"{&quot;background_background&quot;:&quot;classic&quot;}\">\n\t\t\t\t\t<div class=\"e-con-inner\">\n\t\t\t\t<div class=\"elementor-element elementor-element-b8a78a3 elementor-widget elementor-widget-image-box\" data-id=\"b8a78a3\" data-element_type=\"widget\" data-widget_type=\"image-box.default\">\n\t\t\t\t<div class=\"elementor-widget-container\">\n\t\t\t\t\t<div class=\"elementor-image-box-wrapper\"><div class=\"elementor-image-box-content\"><h2 class=\"elementor-image-box-title\">Our Values<\/h2><p class=\"elementor-image-box-description\">We run our business guided by core values that define our mission and shape how Propartner builds strong, lasting relationships with our business partners.<\/p><\/div><\/div>\t\t\t\t<\/div>\n\t\t\t\t<\/div>\n\t\t<div class=\"elementor-element elementor-element-2d283a9 e-con-full e-flex e-con e-child\" data-id=\"2d283a9\" data-element_type=\"container\">\n\t\t\t\t<div class=\"elementor-element elementor-element-f6d7bd9 elementor-widget__width-initial elementor-widget-mobile__width-initial elementor-widget elementor-widget-image-box\" data-id=\"f6d7bd9\" data-element_type=\"widget\" data-widget_type=\"image-box.default\">\n\t\t\t\t<div class=\"elementor-widget-container\">\n\t\t\t\t\t<div class=\"elementor-image-box-wrapper\"><div class=\"elementor-image-box-content\"><h3 class=\"elementor-image-box-title\">Quality<\/h3><p class=\"elementor-image-box-description\">At Propartner, we operate with values that define our mission and guide the way we work with our business partners across the fresh produce industry, especially in the trade of potatoes and onions. <\/p><\/div><\/div>\t\t\t\t<\/div>\n\t\t\t\t<\/div>\n\t\t\t\t<div class=\"elementor-element elementor-element-84273d3 elementor-widget__width-initial elementor-widget-mobile__width-initial elementor-widget elementor-widget-image-box\" data-id=\"84273d3\" data-element_type=\"widget\" data-widget_type=\"image-box.default\">\n\t\t\t\t<div class=\"elementor-widget-container\">\n\t\t\t\t\t<div class=\"elementor-image-box-wrapper\"><div class=\"elementor-image-box-content\"><h3 class=\"elementor-image-box-title\">Flexibility<\/h3><p class=\"elementor-image-box-description\">We minimize supply chain steps to ensure that fruits and vegetables\u2014including potatoes and onions\u2014reach our clients quickly and in perfect condition.<\/p><\/div><\/div>\t\t\t\t<\/div>\n\t\t\t\t<\/div>\n\t\t\t\t<div class=\"elementor-element elementor-element-88d869d elementor-widget elementor-widget-image-box\" data-id=\"88d869d\" data-element_type=\"widget\" data-widget_type=\"image-box.default\">\n\t\t\t\t<div class=\"elementor-widget-container\">\n\t\t\t\t\t<div class=\"elementor-image-box-wrapper\"><div class=\"elementor-image-box-content\"><h3 class=\"elementor-image-box-title\">Trust and Relationships<\/h3><p class=\"elementor-image-box-description\">We build long-term, partnership-based relationships with our suppliers and clients, focusing on transparency, integrity, and shared growth\u2014especially in the distribution of fresh produce like potatoes and onions.<\/p><\/div><\/div>\t\t\t\t<\/div>\n\t\t\t\t<\/div>\n\t\t\t\t<\/div>\n\t\t\t\t\t<\/div>\n\t\t\t\t<\/div>\n\t\t<div class=\"elementor-element elementor-element-17583f8 e-flex e-con-boxed e-con e-parent\" data-id=\"17583f8\" data-element_type=\"container\" data-settings=\"{&quot;background_background&quot;:&quot;classic&quot;}\">\n\t\t\t\t\t<div class=\"e-con-inner\">\n\t\t\t\t<div class=\"elementor-element elementor-element-0da3d76 elementor-widget elementor-widget-image-box\" data-id=\"0da3d76\" data-element_type=\"widget\" data-widget_type=\"image-box.default\">\n\t\t\t\t<div class=\"elementor-widget-container\">\n\t\t\t\t\t<div class=\"elementor-image-box-wrapper\"><div class=\"elementor-image-box-content\"><h2 class=\"elementor-image-box-title\">Contact us<\/h2><p class=\"elementor-image-box-description\">Want to learn more? Contact us today and discover our range of fresh vegetables and fruits.<\/p><\/div><\/div>\t\t\t\t<\/div>\n\t\t\t\t<\/div>\n\t\t\t\t<div class=\"elementor-element elementor-element-fa1adbc elementor-align-center elementor-widget elementor-widget-button\" data-id=\"fa1adbc\" data-element_type=\"widget\" data-widget_type=\"button.default\">\n\t\t\t\t<div class=\"elementor-widget-container\">\n\t\t\t\t\t\t\t\t\t<div class=\"elementor-button-wrapper\">\n\t\t\t\t\t<a class=\"elementor-button elementor-button-link elementor-size-sm\" href=\"#\">\n\t\t\t\t\t\t<span class=\"elementor-button-content-wrapper\">\n\t\t\t\t\t\t\t\t\t<span class=\"elementor-button-text\">Zam\u00f3w teraz<\/span>\n\t\t\t\t\t<\/span>\n\t\t\t\t\t<\/a>\n\t\t\t\t<\/div>\n\t\t\t\t\t\t\t\t<\/div>\n\t\t\t\t<\/div>\n\t\t\t\t\t<\/div>\n\t\t\t\t<\/div>\n\t\t\t\t<\/div>","protected":false},"excerpt":{"rendered":"<p>O Nas Historia firmy Propartner od 2001 roku Propartner to wiod\u0105ca firma zajmuj\u0105ca si\u0119 pozyskiwaniem \u015bwie\u017cych warzyw i owoc\u00f3w, kt\u00f3re [&hellip;]<\/p>","protected":false},"author":1,"featured_media":0,"parent":0,"menu_order":0,"comment_status":"closed","ping_status":"closed","template":"","meta":{"site-sidebar-layout":"no-sidebar","site-content-layout":"","ast-site-content-layout":"full-width-container","site-content-style":"default","site-sidebar-style":"default","ast-global-header-display":"","ast-banner-title-visibility":"","ast-main-header-display":"","ast-hfb-above-header-display":"","ast-hfb-below-header-display":"","ast-hfb-mobile-header-display":"","site-post-title":"disabled","ast-breadcrumbs-content":"","ast-featured-img":"disabled","footer-sml-layout":"","theme-transparent-header-meta":"","adv-header-id-meta":"","stick-header-meta":"","header-above-stick-meta":"","header-main-stick-meta":"","header-below-stick-meta":"","astra-migrate-meta-layouts":"default","ast-page-background-enabled":"default","ast-page-background-meta":{"desktop":{"background-color":"var(--ast-global-color-5)","background-image":"","background-repeat":"repeat","background-position":"center center","background-size":"auto","background-attachment":"scroll","background-type":"","background-media":"","overlay-type":"","overlay-color":"","overlay-opacity":"","overlay-gradient":""},"tablet":{"background-color":"","background-image":"","background-repeat":"repeat","background-position":"center center","background-size":"auto","background-attachment":"scroll","background-type":"","background-media":"","overlay-type":"","overlay-color":"","overlay-opacity":"","overlay-gradient":""},"mobile":{"background-color":"","background-image":"","background-repeat":"repeat","background-position":"center center","background-size":"auto","background-attachment":"scroll","background-type":"","background-media":"","overlay-type":"","overlay-color":"","overlay-opacity":"","overlay-gradient":""}},"ast-content-background-meta":{"desktop":{"background-color":"var(--ast-global-color-4)","background-image":"","background-repeat":"repeat","background-position":"center center","background-size":"auto","background-attachment":"scroll","background-type":"","background-media":"","overlay-type":"","overlay-color":"","overlay-opacity":"","overlay-gradient":""},"tablet":{"background-color":"var(--ast-global-color-4)","background-image":"","background-repeat":"repeat","background-position":"center center","background-size":"auto","background-attachment":"scroll","background-type":"","background-media":"","overlay-type":"","overlay-color":"","overlay-opacity":"","overlay-gradient":""},"mobile":{"background-color":"var(--ast-global-color-4)","background-image":"","background-repeat":"repeat","background-position":"center center","background-size":"auto","background-attachment":"scroll","background-type":"","background-media":"","overlay-type":"","overlay-color":"","overlay-opacity":"","overlay-gradient":""}},"footnotes":""},"class_list":["post-276","page","type-page","status-publish","hentry"],"yoast_head":"<!-- This site is optimized with the Yoast SEO plugin v25.0 - https:\/\/yoast.com\/wordpress\/plugins\/seo\/ -->\n<title>O nas &#8211;<\/title>\n<meta name=\"description\" content=\"Poznaj Propartner Piotr Kwiatkowski \u2013 od 2001 roku specjalizujemy si\u0119 w imporcie i eksporcie \u015bwie\u017cych warzyw i owoc\u00f3w na rynek Europejski.\" \/>\n<meta name=\"robots\" content=\"index, follow, max-snippet:-1, max-image-preview:large, max-video-preview:-1\" \/>\n<link rel=\"canonical\" href=\"https:\/\/propartner.eu\/en\/o-nas\/\" \/>\n<meta property=\"og:locale\" content=\"en_GB\" \/>\n<meta property=\"og:type\" content=\"article\" \/>\n<meta property=\"og:title\" content=\"O nas &#8211;\" \/>\n<meta property=\"og:description\" content=\"Poznaj Propartner Piotr Kwiatkowski \u2013 od 2001 roku specjalizujemy si\u0119 w imporcie i eksporcie \u015bwie\u017cych warzyw i owoc\u00f3w na rynek Europejski.\" \/>\n<meta property=\"og:url\" content=\"https:\/\/propartner.eu\/en\/o-nas\/\" \/>\n<meta property=\"article:modified_time\" content=\"2025-05-02T14:30:37+00:00\" \/>\n<meta property=\"og:image\" content=\"https:\/\/propartner.eu\/wp-content\/uploads\/2025\/05\/hai-nguyen-LSZfNPVZjTw-unsplash-1-1.jpg\" \/>\n<meta name=\"twitter:card\" content=\"summary_large_image\" \/>\n<meta name=\"twitter:label1\" content=\"Estimated reading time\" \/>\n\t<meta name=\"twitter:data1\" content=\"2 minutes\" \/>\n<script type=\"application\/ld+json\" class=\"yoast-schema-graph\">{\"@context\":\"https:\/\/schema.org\",\"@graph\":[{\"@type\":\"WebPage\",\"@id\":\"https:\/\/propartner.eu\/o-nas\/\",\"url\":\"https:\/\/propartner.eu\/o-nas\/\",\"name\":\"O nas &#8211;\",\"isPartOf\":{\"@id\":\"https:\/\/propartner.eu\/#website\"},\"primaryImageOfPage\":{\"@id\":\"https:\/\/propartner.eu\/o-nas\/#primaryimage\"},\"image\":{\"@id\":\"https:\/\/propartner.eu\/o-nas\/#primaryimage\"},\"thumbnailUrl\":\"https:\/\/propartner.eu\/wp-content\/uploads\/2025\/05\/hai-nguyen-LSZfNPVZjTw-unsplash-1-1.jpg\",\"datePublished\":\"2025-05-01T22:29:12+00:00\",\"dateModified\":\"2025-05-02T14:30:37+00:00\",\"description\":\"Poznaj Propartner Piotr Kwiatkowski \u2013 od 2001 roku specjalizujemy si\u0119 w imporcie i eksporcie \u015bwie\u017cych warzyw i owoc\u00f3w na rynek Europejski.\",\"breadcrumb\":{\"@id\":\"https:\/\/propartner.eu\/o-nas\/#breadcrumb\"},\"inLanguage\":\"en-GB\",\"potentialAction\":[{\"@type\":\"ReadAction\",\"target\":[\"https:\/\/propartner.eu\/o-nas\/\"]}]},{\"@type\":\"ImageObject\",\"inLanguage\":\"en-GB\",\"@id\":\"https:\/\/propartner.eu\/o-nas\/#primaryimage\",\"url\":\"https:\/\/propartner.eu\/wp-content\/uploads\/2025\/05\/hai-nguyen-LSZfNPVZjTw-unsplash-1-1.jpg\",\"contentUrl\":\"https:\/\/propartner.eu\/wp-content\/uploads\/2025\/05\/hai-nguyen-LSZfNPVZjTw-unsplash-1-1.jpg\"},{\"@type\":\"BreadcrumbList\",\"@id\":\"https:\/\/propartner.eu\/o-nas\/#breadcrumb\",\"itemListElement\":[{\"@type\":\"ListItem\",\"position\":1,\"name\":\"Strona g\u0142\u00f3wna\",\"item\":\"https:\/\/propartner.eu\/\"},{\"@type\":\"ListItem\",\"position\":2,\"name\":\"O nas\"}]},{\"@type\":\"WebSite\",\"@id\":\"https:\/\/propartner.eu\/#website\",\"url\":\"https:\/\/propartner.eu\/\",\"name\":\"PROPARTNER Piotr Kwiatkowski\",\"description\":\"\",\"publisher\":{\"@id\":\"https:\/\/propartner.eu\/#organization\"},\"alternateName\":\"propartner\",\"potentialAction\":[{\"@type\":\"SearchAction\",\"target\":{\"@type\":\"EntryPoint\",\"urlTemplate\":\"https:\/\/propartner.eu\/?s={search_term_string}\"},\"query-input\":{\"@type\":\"PropertyValueSpecification\",\"valueRequired\":true,\"valueName\":\"search_term_string\"}}],\"inLanguage\":\"en-GB\"},{\"@type\":\"Organization\",\"@id\":\"https:\/\/propartner.eu\/#organization\",\"name\":\"PROPARTNER Piotr Kwiatkowski\",\"url\":\"https:\/\/propartner.eu\/\",\"logo\":{\"@type\":\"ImageObject\",\"inLanguage\":\"en-GB\",\"@id\":\"https:\/\/propartner.eu\/#\/schema\/logo\/image\/\",\"url\":\"https:\/\/propartner.eu\/wp-content\/uploads\/2025\/05\/Projekt-bez-nazwy-11-scaled.png\",\"contentUrl\":\"https:\/\/propartner.eu\/wp-content\/uploads\/2025\/05\/Projekt-bez-nazwy-11-scaled.png\",\"width\":2560,\"height\":522,\"caption\":\"PROPARTNER Piotr Kwiatkowski\"},\"image\":{\"@id\":\"https:\/\/propartner.eu\/#\/schema\/logo\/image\/\"}}]}<\/script>\n<!-- \/ Yoast SEO plugin. -->","yoast_head_json":{"title":"O nas &#8211;","description":"Poznaj Propartner Piotr Kwiatkowski \u2013 od 2001 roku specjalizujemy si\u0119 w imporcie i eksporcie \u015bwie\u017cych warzyw i owoc\u00f3w na rynek Europejski.","robots":{"index":"index","follow":"follow","max-snippet":"max-snippet:-1","max-image-preview":"max-image-preview:large","max-video-preview":"max-video-preview:-1"},"canonical":"https:\/\/propartner.eu\/en\/o-nas\/","og_locale":"en_GB","og_type":"article","og_title":"O nas &#8211;","og_description":"Poznaj Propartner Piotr Kwiatkowski \u2013 od 2001 roku specjalizujemy si\u0119 w imporcie i eksporcie \u015bwie\u017cych warzyw i owoc\u00f3w na rynek Europejski.","og_url":"https:\/\/propartner.eu\/en\/o-nas\/","article_modified_time":"2025-05-02T14:30:37+00:00","og_image":[{"url":"https:\/\/propartner.eu\/wp-content\/uploads\/2025\/05\/hai-nguyen-LSZfNPVZjTw-unsplash-1-1.jpg","type":"","width":"","height":""}],"twitter_card":"summary_large_image","twitter_misc":{"Estimated reading time":"2 minutes"},"schema":{"@context":"https:\/\/schema.org","@graph":[{"@type":"WebPage","@id":"https:\/\/propartner.eu\/o-nas\/","url":"https:\/\/propartner.eu\/o-nas\/","name":"O nas &#8211;","isPartOf":{"@id":"https:\/\/propartner.eu\/#website"},"primaryImageOfPage":{"@id":"https:\/\/propartner.eu\/o-nas\/#primaryimage"},"image":{"@id":"https:\/\/propartner.eu\/o-nas\/#primaryimage"},"thumbnailUrl":"https:\/\/propartner.eu\/wp-content\/uploads\/2025\/05\/hai-nguyen-LSZfNPVZjTw-unsplash-1-1.jpg","datePublished":"2025-05-01T22:29:12+00:00","dateModified":"2025-05-02T14:30:37+00:00","description":"Poznaj Propartner Piotr Kwiatkowski \u2013 od 2001 roku specjalizujemy si\u0119 w imporcie i eksporcie \u015bwie\u017cych warzyw i owoc\u00f3w na rynek Europejski.","breadcrumb":{"@id":"https:\/\/propartner.eu\/o-nas\/#breadcrumb"},"inLanguage":"en-GB","potentialAction":[{"@type":"ReadAction","target":["https:\/\/propartner.eu\/o-nas\/"]}]},{"@type":"ImageObject","inLanguage":"en-GB","@id":"https:\/\/propartner.eu\/o-nas\/#primaryimage","url":"https:\/\/propartner.eu\/wp-content\/uploads\/2025\/05\/hai-nguyen-LSZfNPVZjTw-unsplash-1-1.jpg","contentUrl":"https:\/\/propartner.eu\/wp-content\/uploads\/2025\/05\/hai-nguyen-LSZfNPVZjTw-unsplash-1-1.jpg"},{"@type":"BreadcrumbList","@id":"https:\/\/propartner.eu\/o-nas\/#breadcrumb","itemListElement":[{"@type":"ListItem","position":1,"name":"Strona g\u0142\u00f3wna","item":"https:\/\/propartner.eu\/"},{"@type":"ListItem","position":2,"name":"O nas"}]},{"@type":"WebSite","@id":"https:\/\/propartner.eu\/#website","url":"https:\/\/propartner.eu\/","name":"PROPARTNER Piotr Kwiatkowski","description":"","publisher":{"@id":"https:\/\/propartner.eu\/#organization"},"alternateName":"propartner","potentialAction":[{"@type":"SearchAction","target":{"@type":"EntryPoint","urlTemplate":"https:\/\/propartner.eu\/?s={search_term_string}"},"query-input":{"@type":"PropertyValueSpecification","valueRequired":true,"valueName":"search_term_string"}}],"inLanguage":"en-GB"},{"@type":"Organization","@id":"https:\/\/propartner.eu\/#organization","name":"PROPARTNER Piotr Kwiatkowski","url":"https:\/\/propartner.eu\/","logo":{"@type":"ImageObject","inLanguage":"en-GB","@id":"https:\/\/propartner.eu\/#\/schema\/logo\/image\/","url":"https:\/\/propartner.eu\/wp-content\/uploads\/2025\/05\/Projekt-bez-nazwy-11-scaled.png","contentUrl":"https:\/\/propartner.eu\/wp-content\/uploads\/2025\/05\/Projekt-bez-nazwy-11-scaled.png","width":2560,"height":522,"caption":"PROPARTNER Piotr Kwiatkowski"},"image":{"@id":"https:\/\/propartner.eu\/#\/schema\/logo\/image\/"}}]}},"_links":{"self":[{"href":"https:\/\/propartner.eu\/en\/wp-json\/wp\/v2\/pages\/276","targetHints":{"allow":["GET"]}}],"collection":[{"href":"https:\/\/propartner.eu\/en\/wp-json\/wp\/v2\/pages"}],"about":[{"href":"https:\/\/propartner.eu\/en\/wp-json\/wp\/v2\/types\/page"}],"author":[{"embeddable":true,"href":"https:\/\/propartner.eu\/en\/wp-json\/wp\/v2\/users\/1"}],"replies":[{"embeddable":true,"href":"https:\/\/propartner.eu\/en\/wp-json\/wp\/v2\/comments?post=276"}],"version-history":[{"count":23,"href":"https:\/\/propartner.eu\/en\/wp-json\/wp\/v2\/pages\/276\/revisions"}],"predecessor-version":[{"id":710,"href":"https:\/\/propartner.eu\/en\/wp-json\/wp\/v2\/pages\/276\/revisions\/710"}],"wp:attachment":[{"href":"https:\/\/propartner.eu\/en\/wp-json\/wp\/v2\/media?parent=276"}],"curies":[{"name":"wp","href":"https:\/\/api.w.org\/{rel}","templated":true}]}}